{"id":2,"date":"2021-09-02T11:56:56","date_gmt":"2021-09-02T11:56:56","guid":{"rendered":"https:\/\/www.archicom.com\/test\/?page_id=2"},"modified":"2024-10-10T11:04:29","modified_gmt":"2024-10-10T11:04:29","slug":"accueil-archicom","status":"publish","type":"page","link":"https:\/\/www.archicom.com\/","title":{"rendered":"ARCHITECTURE DE COMMUNICATION\u00ae"},"content":{"rendered":"<div class=\"n2_clear\"><ss3-force-full-width data-overflow-x=\"body\" data-horizontal-selector=\"body\"><div class=\"n2-section-smartslider fitvidsignore  n2_clear\" data-ssid=\"2\" tabindex=\"0\" role=\"region\" aria-label=\"Slider\"><div id=\"n2-ss-2-align\" class=\"n2-ss-align\"><div class=\"n2-padding\"><div id=\"n2-ss-2\" data-creator=\"Smart Slider 3\" data-responsive=\"fullwidth\" class=\"n2-ss-slider n2-ow n2-has-hover n2notransition  \">\n        <div class=\"n2-ss-slider-1 n2_ss__touch_element n2-ow\">\n            <div class=\"n2-ss-slider-2 n2-ow\">\n                                                    <div class=\"n2-ss-background-animation n2-ow\"><\/div>\n                                <div class=\"n2-ss-slider-3 n2-ow\">\n\n                    <div class=\"n2-ss-slide-backgrounds n2-ow-all\"><div class=\"n2-ss-slide-background\" data-public-id=\"1\" data-mode=\"center\"><div data-color=\"RGBA(255,255,255,0)\" style=\"background-color: RGBA(255,255,255,0);\" class=\"n2-ss-slide-background-color\"><\/div><\/div><div class=\"n2-ss-slide-background\" data-public-id=\"2\" data-mode=\"center\" aria-hidden=\"true\"><div data-gradient=\"vertical\" data-color-start=\"RGBA(195,195,195,1)\" data-color-end=\"RGBA(255,255,255,1)\" style=\"background:linear-gradient(to bottom, RGBA(195,195,195,1) 0%,RGBA(255,255,255,1) 100%);\" class=\"n2-ss-slide-background-color\"><\/div><\/div><\/div>                    <div class=\"n2-ss-slider-4 n2-ow\">\n                        <svg xmlns=\"http:\/\/www.w3.org\/2000\/svg\" viewBox=\"0 0 1920 600\" data-related-device=\"desktopPortrait\" class=\"n2-ow n2-ss-preserve-size n2-ss-preserve-size--slider n2-ss-slide-limiter\"><\/svg><div data-first=\"1\" data-slide-duration=\"0\" data-id=\"17\" data-slide-public-id=\"1\" data-title=\"Slide\" class=\"n2-ss-slide n2-ow  n2-ss-slide-17\"><div role=\"note\" class=\"n2-ss-slide--focus\" tabindex=\"-1\">Slide<\/div><div class=\"n2-ss-layers-container n2-ss-slide-limiter n2-ow\"><div class=\"n2-ss-layer n2-ow n-uc-SdWcFyaCMiV2\" data-sstype=\"slide\" data-pm=\"default\"><div class=\"n2-ss-layer n2-ow n-uc-lbCB1RJDeCWI\" data-pm=\"default\" data-sstype=\"content\" data-hasbackground=\"1\"><div class=\"n2-ss-section-main-content n2-ss-layer-with-background n2-ss-layer-content n2-ow n-uc-lbCB1RJDeCWI-inner\"><div class=\"n2-ss-layer n2-ow n-uc-UvTMeDweLeck\" data-pm=\"normal\" data-sstype=\"layer\"><div class=\" n2-ss-item-image-content n2-ss-item-content n2-ow-all\"><img loading=\"lazy\" decoding=\"async\" id=\"n2-ss-2item1\" alt=\"\" class=\"skip-lazy jetpack-lazy-image\" style=\"width:125px;height:200px\" width=\"251\" height=\"400\" data-skip-lazy=\"1\" src=\"\/\/www.archicom.com\/wp-content\/uploads\/2021\/09\/Site_Archicom-Image1Tour-web2.jpg\" \/><\/div><\/div><div class=\"n2-ss-layer n2-ow n-uc-C9iZwOKadHFU\" data-pm=\"absolute\" data-responsiveposition=\"1\" data-desktopportraitleft=\"0\" data-desktopportraittop=\"-100\" data-responsivesize=\"1\" data-desktopportraitwidth=\"1880\" data-desktopportraitheight=\"auto\" data-desktopportraitalign=\"center\" data-desktopportraitvalign=\"bottom\" data-parentid=\"\" data-desktopportraitparentalign=\"center\" data-desktopportraitparentvalign=\"middle\" data-sstype=\"layer\"><div class=\"n2-ss-item-content n2-ss-text n2-ow-all\"><div class=\"\"><p class=\"n2-font-be614f29b62cfa2400ac3e3b492e0cd5-paragraph   \">ARCHITECTURE DE COMMUNICATION\u00ae<br \/>\nBienvenue<\/p>\n<\/div><\/div><\/div><\/div><\/div><\/div><\/div><\/div><div data-slide-duration=\"0\" data-id=\"18\" data-slide-public-id=\"2\" aria-hidden=\"true\" data-title=\"Slide\" class=\"n2-ss-slide n2-ow  n2-ss-slide-18\"><div role=\"note\" class=\"n2-ss-slide--focus\" tabindex=\"-1\">Slide<\/div><div class=\"n2-ss-layers-container n2-ss-slide-limiter n2-ow\"><div class=\"n2-ss-layer n2-ow n-uc-d1YmW1RoMk4k\" data-sstype=\"slide\" data-pm=\"default\"><div class=\"n2-ss-layer n2-ow n-uc-CYB6UHhT6ypf\" data-pm=\"default\" data-sstype=\"content\" data-hasbackground=\"1\"><div class=\"n2-ss-section-main-content n2-ss-layer-with-background n2-ss-layer-content n2-ow n-uc-CYB6UHhT6ypf-inner\"><div class=\"n2-ss-layer n2-ow n-uc-BrNEORR7sz3i\" data-pm=\"normal\" data-sstype=\"layer\"><div class=\" n2-ss-item-image-content n2-ss-item-content n2-ow-all\"><img decoding=\"async\" id=\"n2-ss-2item3\" alt=\"\" class=\"skip-lazy jetpack-lazy-image\" loading=\"lazy\" width=\"1920\" height=\"800\" data-skip-lazy=\"1\" src=\"\/\/www.archicom.com\/wp-content\/uploads\/2021\/09\/Site_Archicom-Image2Ville-web-1.jpg\" \/><\/div><\/div><div class=\"n2-ss-layer n2-ow n-uc-PfGLIBHVyZrD\" data-pm=\"absolute\" data-responsiveposition=\"1\" data-desktopportraitleft=\"0\" data-desktopportraittop=\"-100\" data-responsivesize=\"1\" data-desktopportraitwidth=\"1920\" data-desktopportraitheight=\"auto\" data-desktopportraitalign=\"center\" data-desktopportraitvalign=\"bottom\" data-parentid=\"\" data-desktopportraitparentalign=\"center\" data-desktopportraitparentvalign=\"middle\" data-sstype=\"layer\"><div class=\"n2-ss-item-content n2-ss-text n2-ow-all\"><div class=\"\"><p class=\"n2-font-be614f29b62cfa2400ac3e3b492e0cd5-paragraph   \">Le site archicom.com est en cours de restructuration.<br \/>\nA bient\u00f4t<\/p>\n<\/div><\/div><\/div><\/div><\/div><\/div><\/div><\/div>                    <\/div>\n\n                                    <\/div>\n            <\/div>\n        <\/div>\n        <\/div><ss3-loader><\/ss3-loader><\/div><\/div><div class=\"n2_clear\"><\/div><\/div><\/ss3-force-full-width><\/div>\n\n<div class=\"wp-block-image\">\n<figure class=\"aligncenter size-full is-resized\"><img data-recalc-dims=\"1\" loading=\"lazy\" decoding=\"async\" width=\"500\" height=\"502\" src=\"https:\/\/i0.wp.com\/www.archicom.com\/test\/wp-content\/uploads\/2021\/09\/Logarchidef-1.jpg?resize=500%2C502&#038;ssl=1\" alt=\"Logo Archicom\" class=\"wp-image-49\" style=\"width:164px;height:165px\" title=\"Logo Archicom\" srcset=\"https:\/\/i0.wp.com\/www.archicom.com\/wp-content\/uploads\/2021\/09\/Logarchidef-1.jpg?w=500&amp;ssl=1 500w, https:\/\/i0.wp.com\/www.archicom.com\/wp-content\/uploads\/2021\/09\/Logarchidef-1.jpg?resize=300%2C300&amp;ssl=1 300w, https:\/\/i0.wp.com\/www.archicom.com\/wp-content\/uploads\/2021\/09\/Logarchidef-1.jpg?resize=150%2C150&amp;ssl=1 150w, https:\/\/i0.wp.com\/www.archicom.com\/wp-content\/uploads\/2021\/09\/Logarchidef-1.jpg?resize=100%2C100&amp;ssl=1 100w\" sizes=\"auto, (max-width: 500px) 100vw, 500px\" \/><\/figure><\/div>\n\n\n<blockquote class=\"wp-block-quote has-text-align-center is-style-default is-layout-flow wp-block-quote-is-layout-flow\">\n<p><a href=\"mailto:archicom@archicom.com\">archicom@archicom.com<\/a><\/p>\n<\/blockquote>\n","protected":false},"excerpt":{"rendered":"<p>archicom@archicom.com<\/p>\n","protected":false},"author":1,"featured_media":0,"parent":0,"menu_order":0,"comment_status":"closed","ping_status":"closed","template":"","meta":{"footnotes":""},"class_list":["post-2","page","type-page","status-publish","hentry"],"yoast_head":"<!-- This site is optimized with the Yoast SEO plugin v27.4 - https:\/\/yoast.com\/product\/yoast-seo-wordpress\/ -->\n<title>ARCHITECTURE DE COMMUNICATION\u00ae - Archicom.com<\/title>\n<meta name=\"description\" content=\"Bienvenue sur ARCHITECTURE DE COMMUNICATION\u00ae. Architecture transcendantale - Architecture Originelle - Minimal Art - Ligne Pure - Espace Zen - Classicisme - Histoire de l\u2019Architecture - Marae de Taputapuatea, Raiatea - L\u2019Ann\u00e9e Derni\u00e8re \u00e0 Marienbad - Clart\u00e9, rationalit\u00e9, harmonie, ordre, sym\u00e9trie, coh\u00e9rence.\" \/>\n<meta name=\"robots\" content=\"index, follow, max-snippet:-1, max-image-preview:large, max-video-preview:-1\" \/>\n<link rel=\"canonical\" href=\"https:\/\/www.archicom.com\/\" \/>\n<meta property=\"og:locale\" content=\"fr_FR\" \/>\n<meta property=\"og:type\" content=\"article\" \/>\n<meta property=\"og:title\" content=\"ARCHITECTURE DE COMMUNICATION\u00ae - Archicom.com\" \/>\n<meta property=\"og:description\" content=\"Bienvenue sur ARCHITECTURE DE COMMUNICATION\u00ae. Architecture transcendantale - Architecture Originelle - Minimal Art - Ligne Pure - Espace Zen - Classicisme - Histoire de l\u2019Architecture - Marae de Taputapuatea, Raiatea - L\u2019Ann\u00e9e Derni\u00e8re \u00e0 Marienbad - Clart\u00e9, rationalit\u00e9, harmonie, ordre, sym\u00e9trie, coh\u00e9rence.\" \/>\n<meta property=\"og:url\" content=\"https:\/\/www.archicom.com\/\" \/>\n<meta property=\"og:site_name\" content=\"Archicom.com\" \/>\n<meta property=\"article:modified_time\" content=\"2024-10-10T11:04:29+00:00\" \/>\n<meta property=\"og:image\" content=\"https:\/\/www.archicom.com\/test\/wp-content\/uploads\/2021\/09\/Logarchidef-1.jpg\" \/>\n<meta name=\"twitter:card\" content=\"summary_large_image\" \/>\n<meta name=\"twitter:label1\" content=\"Dur\u00e9e de lecture estim\u00e9e\" \/>\n\t<meta name=\"twitter:data1\" content=\"1 minute\" \/>\n<script type=\"application\/ld+json\" class=\"yoast-schema-graph\">{\"@context\":\"https:\\\/\\\/schema.org\",\"@graph\":[{\"@type\":\"WebPage\",\"@id\":\"https:\\\/\\\/www.archicom.com\\\/\",\"url\":\"https:\\\/\\\/www.archicom.com\\\/\",\"name\":\"ARCHITECTURE DE COMMUNICATION\u00ae - Archicom.com\",\"isPartOf\":{\"@id\":\"https:\\\/\\\/www.archicom.com\\\/#website\"},\"primaryImageOfPage\":{\"@id\":\"https:\\\/\\\/www.archicom.com\\\/#primaryimage\"},\"image\":{\"@id\":\"https:\\\/\\\/www.archicom.com\\\/#primaryimage\"},\"thumbnailUrl\":\"https:\\\/\\\/www.archicom.com\\\/test\\\/wp-content\\\/uploads\\\/2021\\\/09\\\/Logarchidef-1.jpg\",\"datePublished\":\"2021-09-02T11:56:56+00:00\",\"dateModified\":\"2024-10-10T11:04:29+00:00\",\"description\":\"Bienvenue sur ARCHITECTURE DE COMMUNICATION\u00ae. Architecture transcendantale - Architecture Originelle - Minimal Art - Ligne Pure - Espace Zen - Classicisme - Histoire de l\u2019Architecture - Marae de Taputapuatea, Raiatea - L\u2019Ann\u00e9e Derni\u00e8re \u00e0 Marienbad - Clart\u00e9, rationalit\u00e9, harmonie, ordre, sym\u00e9trie, coh\u00e9rence.\",\"breadcrumb\":{\"@id\":\"https:\\\/\\\/www.archicom.com\\\/#breadcrumb\"},\"inLanguage\":\"fr-FR\",\"potentialAction\":[{\"@type\":\"ReadAction\",\"target\":[\"https:\\\/\\\/www.archicom.com\\\/\"]}]},{\"@type\":\"ImageObject\",\"inLanguage\":\"fr-FR\",\"@id\":\"https:\\\/\\\/www.archicom.com\\\/#primaryimage\",\"url\":\"https:\\\/\\\/www.archicom.com\\\/test\\\/wp-content\\\/uploads\\\/2021\\\/09\\\/Logarchidef-1.jpg\",\"contentUrl\":\"https:\\\/\\\/www.archicom.com\\\/test\\\/wp-content\\\/uploads\\\/2021\\\/09\\\/Logarchidef-1.jpg\"},{\"@type\":\"BreadcrumbList\",\"@id\":\"https:\\\/\\\/www.archicom.com\\\/#breadcrumb\",\"itemListElement\":[{\"@type\":\"ListItem\",\"position\":1,\"name\":\"Accueil\",\"item\":\"https:\\\/\\\/www.archicom.com\\\/\"},{\"@type\":\"ListItem\",\"position\":2,\"name\":\"ARCHITECTURE DE COMMUNICATION\u00ae\"}]},{\"@type\":\"WebSite\",\"@id\":\"https:\\\/\\\/www.archicom.com\\\/#website\",\"url\":\"https:\\\/\\\/www.archicom.com\\\/\",\"name\":\"Archicom.com\",\"description\":\"\",\"publisher\":{\"@id\":\"https:\\\/\\\/www.archicom.com\\\/#organization\"},\"potentialAction\":[{\"@type\":\"SearchAction\",\"target\":{\"@type\":\"EntryPoint\",\"urlTemplate\":\"https:\\\/\\\/www.archicom.com\\\/?s={search_term_string}\"},\"query-input\":{\"@type\":\"PropertyValueSpecification\",\"valueRequired\":true,\"valueName\":\"search_term_string\"}}],\"inLanguage\":\"fr-FR\"},{\"@type\":\"Organization\",\"@id\":\"https:\\\/\\\/www.archicom.com\\\/#organization\",\"name\":\"ARCHITECTURE DE COMMUNICATION\u00ae\",\"url\":\"https:\\\/\\\/www.archicom.com\\\/\",\"logo\":{\"@type\":\"ImageObject\",\"inLanguage\":\"fr-FR\",\"@id\":\"https:\\\/\\\/www.archicom.com\\\/#\\\/schema\\\/logo\\\/image\\\/\",\"url\":\"https:\\\/\\\/i2.wp.com\\\/www.archicom.com\\\/wp-content\\\/uploads\\\/2021\\\/09\\\/Logarchidef-1.jpg?fit=500%2C502&ssl=1\",\"contentUrl\":\"https:\\\/\\\/i2.wp.com\\\/www.archicom.com\\\/wp-content\\\/uploads\\\/2021\\\/09\\\/Logarchidef-1.jpg?fit=500%2C502&ssl=1\",\"width\":500,\"height\":502,\"caption\":\"ARCHITECTURE DE COMMUNICATION\u00ae\"},\"image\":{\"@id\":\"https:\\\/\\\/www.archicom.com\\\/#\\\/schema\\\/logo\\\/image\\\/\"}}]}<\/script>\n<!-- \/ Yoast SEO plugin. -->","yoast_head_json":{"title":"ARCHITECTURE DE COMMUNICATION\u00ae - Archicom.com","description":"Bienvenue sur ARCHITECTURE DE COMMUNICATION\u00ae. Architecture transcendantale - Architecture Originelle - Minimal Art - Ligne Pure - Espace Zen - Classicisme - Histoire de l\u2019Architecture - Marae de Taputapuatea, Raiatea - L\u2019Ann\u00e9e Derni\u00e8re \u00e0 Marienbad - Clart\u00e9, rationalit\u00e9, harmonie, ordre, sym\u00e9trie, coh\u00e9rence.","robots":{"index":"index","follow":"follow","max-snippet":"max-snippet:-1","max-image-preview":"max-image-preview:large","max-video-preview":"max-video-preview:-1"},"canonical":"https:\/\/www.archicom.com\/","og_locale":"fr_FR","og_type":"article","og_title":"ARCHITECTURE DE COMMUNICATION\u00ae - Archicom.com","og_description":"Bienvenue sur ARCHITECTURE DE COMMUNICATION\u00ae. Architecture transcendantale - Architecture Originelle - Minimal Art - Ligne Pure - Espace Zen - Classicisme - Histoire de l\u2019Architecture - Marae de Taputapuatea, Raiatea - L\u2019Ann\u00e9e Derni\u00e8re \u00e0 Marienbad - Clart\u00e9, rationalit\u00e9, harmonie, ordre, sym\u00e9trie, coh\u00e9rence.","og_url":"https:\/\/www.archicom.com\/","og_site_name":"Archicom.com","article_modified_time":"2024-10-10T11:04:29+00:00","og_image":[{"url":"https:\/\/www.archicom.com\/test\/wp-content\/uploads\/2021\/09\/Logarchidef-1.jpg","type":"","width":"","height":""}],"twitter_card":"summary_large_image","twitter_misc":{"Dur\u00e9e de lecture estim\u00e9e":"1 minute"},"schema":{"@context":"https:\/\/schema.org","@graph":[{"@type":"WebPage","@id":"https:\/\/www.archicom.com\/","url":"https:\/\/www.archicom.com\/","name":"ARCHITECTURE DE COMMUNICATION\u00ae - Archicom.com","isPartOf":{"@id":"https:\/\/www.archicom.com\/#website"},"primaryImageOfPage":{"@id":"https:\/\/www.archicom.com\/#primaryimage"},"image":{"@id":"https:\/\/www.archicom.com\/#primaryimage"},"thumbnailUrl":"https:\/\/www.archicom.com\/test\/wp-content\/uploads\/2021\/09\/Logarchidef-1.jpg","datePublished":"2021-09-02T11:56:56+00:00","dateModified":"2024-10-10T11:04:29+00:00","description":"Bienvenue sur ARCHITECTURE DE COMMUNICATION\u00ae. Architecture transcendantale - Architecture Originelle - Minimal Art - Ligne Pure - Espace Zen - Classicisme - Histoire de l\u2019Architecture - Marae de Taputapuatea, Raiatea - L\u2019Ann\u00e9e Derni\u00e8re \u00e0 Marienbad - Clart\u00e9, rationalit\u00e9, harmonie, ordre, sym\u00e9trie, coh\u00e9rence.","breadcrumb":{"@id":"https:\/\/www.archicom.com\/#breadcrumb"},"inLanguage":"fr-FR","potentialAction":[{"@type":"ReadAction","target":["https:\/\/www.archicom.com\/"]}]},{"@type":"ImageObject","inLanguage":"fr-FR","@id":"https:\/\/www.archicom.com\/#primaryimage","url":"https:\/\/www.archicom.com\/test\/wp-content\/uploads\/2021\/09\/Logarchidef-1.jpg","contentUrl":"https:\/\/www.archicom.com\/test\/wp-content\/uploads\/2021\/09\/Logarchidef-1.jpg"},{"@type":"BreadcrumbList","@id":"https:\/\/www.archicom.com\/#breadcrumb","itemListElement":[{"@type":"ListItem","position":1,"name":"Accueil","item":"https:\/\/www.archicom.com\/"},{"@type":"ListItem","position":2,"name":"ARCHITECTURE DE COMMUNICATION\u00ae"}]},{"@type":"WebSite","@id":"https:\/\/www.archicom.com\/#website","url":"https:\/\/www.archicom.com\/","name":"Archicom.com","description":"","publisher":{"@id":"https:\/\/www.archicom.com\/#organization"},"potentialAction":[{"@type":"SearchAction","target":{"@type":"EntryPoint","urlTemplate":"https:\/\/www.archicom.com\/?s={search_term_string}"},"query-input":{"@type":"PropertyValueSpecification","valueRequired":true,"valueName":"search_term_string"}}],"inLanguage":"fr-FR"},{"@type":"Organization","@id":"https:\/\/www.archicom.com\/#organization","name":"ARCHITECTURE DE COMMUNICATION\u00ae","url":"https:\/\/www.archicom.com\/","logo":{"@type":"ImageObject","inLanguage":"fr-FR","@id":"https:\/\/www.archicom.com\/#\/schema\/logo\/image\/","url":"https:\/\/i2.wp.com\/www.archicom.com\/wp-content\/uploads\/2021\/09\/Logarchidef-1.jpg?fit=500%2C502&ssl=1","contentUrl":"https:\/\/i2.wp.com\/www.archicom.com\/wp-content\/uploads\/2021\/09\/Logarchidef-1.jpg?fit=500%2C502&ssl=1","width":500,"height":502,"caption":"ARCHITECTURE DE COMMUNICATION\u00ae"},"image":{"@id":"https:\/\/www.archicom.com\/#\/schema\/logo\/image\/"}}]}},"jetpack_sharing_enabled":true,"_links":{"self":[{"href":"https:\/\/www.archicom.com\/index.php\/wp-json\/wp\/v2\/pages\/2","targetHints":{"allow":["GET"]}}],"collection":[{"href":"https:\/\/www.archicom.com\/index.php\/wp-json\/wp\/v2\/pages"}],"about":[{"href":"https:\/\/www.archicom.com\/index.php\/wp-json\/wp\/v2\/types\/page"}],"author":[{"embeddable":true,"href":"https:\/\/www.archicom.com\/index.php\/wp-json\/wp\/v2\/users\/1"}],"replies":[{"embeddable":true,"href":"https:\/\/www.archicom.com\/index.php\/wp-json\/wp\/v2\/comments?post=2"}],"version-history":[{"count":12,"href":"https:\/\/www.archicom.com\/index.php\/wp-json\/wp\/v2\/pages\/2\/revisions"}],"predecessor-version":[{"id":99,"href":"https:\/\/www.archicom.com\/index.php\/wp-json\/wp\/v2\/pages\/2\/revisions\/99"}],"wp:attachment":[{"href":"https:\/\/www.archicom.com\/index.php\/wp-json\/wp\/v2\/media?parent=2"}],"curies":[{"name":"wp","href":"https:\/\/api.w.org\/{rel}","templated":true}]}}